{"id":29,"date":"2020-04-15T09:36:30","date_gmt":"2020-04-15T09:36:30","guid":{"rendered":"https:\/\/hjalpumstad.webdev.is\/?page_id=29"},"modified":"-0001-11-30T00:00:00","modified_gmt":"-0001-11-30T00:00:00","slug":"what-we-do","status":"publish","type":"page","link":"https:\/\/hjalpumstad.webdev.is\/index.php\/what-we-do\/","title":{"rendered":"What we do"},"content":{"rendered":"<div class=\"sharing-default-minimal post-bottom\"><div class=\"nectar-social default\" data-position=\"\" data-rm-love=\"0\" data-color-override=\"override\"><div class=\"nectar-social-inner\"><a href=\"#\" class=\"nectar-love\" id=\"nectar-love-29\" title=\"Love this\"> <i class=\"icon-salient-heart-2\"><\/i><span class=\"love-text\">Love<\/span><span class=\"total_loves\"><span class=\"nectar-love-count\">0<\/span><\/span><\/a><a class='facebook-share nectar-sharing' href='#' title='Share this'> <i class='fa fa-facebook'><\/i> <span class='social-text'>Share<\/span> <\/a><a class='twitter-share nectar-sharing' href='#' title='Tweet this'> <i class='fa fa-twitter'><\/i> <span class='social-text'>Tweet<\/span> <\/a><a class='linkedin-share nectar-sharing' href='#' title='Share this'> <i class='fa fa-linkedin'><\/i> <span class='social-text'>Share<\/span> <\/a><a class='pinterest-share nectar-sharing' href='#' title='Pin this'> <i class='fa fa-pinterest'><\/i> <span class='social-text'>Pin<\/span> <\/a><\/div><\/div><\/div>","protected":false},"excerpt":{"rendered":"<p>Love0 Share Tweet Share Pin<\/p>\n","protected":false},"author":1,"featured_media":0,"parent":0,"menu_order":0,"comment_status":"open","ping_status":"closed","template":"","meta":{"footnotes":""},"class_list":["post-29","page","type-page","status-publish","hentry"],"yoast_head":"<!-- This site is optimized with the Yoast SEO plugin v19.13 - https:\/\/yoast.com\/wordpress\/plugins\/seo\/ -->\n<title>What we do - Hj\u00e1lpumst a\u00f0<\/title>\n<meta name=\"robots\" content=\"index, follow, max-snippet:-1, max-image-preview:large, max-video-preview:-1\" \/>\n<link rel=\"canonical\" href=\"https:\/\/hjalpumstad.webdev.is\/index.php\/what-we-do\/\" \/>\n<meta property=\"og:locale\" content=\"en_US\" \/>\n<meta property=\"og:type\" content=\"article\" \/>\n<meta property=\"og:title\" content=\"What we do - Hj\u00e1lpumst a\u00f0\" \/>\n<meta property=\"og:description\" content=\"Love0 Share Tweet Share Pin\" \/>\n<meta property=\"og:url\" content=\"https:\/\/hjalpumstad.webdev.is\/index.php\/what-we-do\/\" \/>\n<meta property=\"og:site_name\" content=\"Hj\u00e1lpumst a\u00f0\" \/>\n<meta property=\"article:modified_time\" content=\"-0001-11-30T00:00:00+00:00\" \/>\n<meta name=\"twitter:card\" content=\"summary_large_image\" \/>\n<script type=\"application\/ld+json\" class=\"yoast-schema-graph\">{\"@context\":\"https:\/\/schema.org\",\"@graph\":[{\"@type\":\"WebPage\",\"@id\":\"https:\/\/hjalpumstad.webdev.is\/index.php\/what-we-do\/\",\"url\":\"https:\/\/hjalpumstad.webdev.is\/index.php\/what-we-do\/\",\"name\":\"What we do - Hj\u00e1lpumst a\u00f0\",\"isPartOf\":{\"@id\":\"https:\/\/hjalpumstad.webdev.is\/#website\"},\"datePublished\":\"2020-04-15T09:36:30+00:00\",\"dateModified\":\"-0001-11-30T00:00:00+00:00\",\"breadcrumb\":{\"@id\":\"https:\/\/hjalpumstad.webdev.is\/index.php\/what-we-do\/#breadcrumb\"},\"inLanguage\":\"en-US\",\"potentialAction\":[{\"@type\":\"ReadAction\",\"target\":[\"https:\/\/hjalpumstad.webdev.is\/index.php\/what-we-do\/\"]}]},{\"@type\":\"BreadcrumbList\",\"@id\":\"https:\/\/hjalpumstad.webdev.is\/index.php\/what-we-do\/#breadcrumb\",\"itemListElement\":[{\"@type\":\"ListItem\",\"position\":1,\"name\":\"Home\",\"item\":\"https:\/\/hjalpumstad.webdev.is\/\"},{\"@type\":\"ListItem\",\"position\":2,\"name\":\"What we do\"}]},{\"@type\":\"WebSite\",\"@id\":\"https:\/\/hjalpumstad.webdev.is\/#website\",\"url\":\"https:\/\/hjalpumstad.webdev.is\/\",\"name\":\"Hj\u00e1lpumst a\u00f0\",\"description\":\"Margt sm\u00e1tt gerir eitt RISAST\u00d3RT!\",\"potentialAction\":[{\"@type\":\"SearchAction\",\"target\":{\"@type\":\"EntryPoint\",\"urlTemplate\":\"https:\/\/hjalpumstad.webdev.is\/?s={search_term_string}\"},\"query-input\":\"required name=search_term_string\"}],\"inLanguage\":\"en-US\"}]}<\/script>\n<!-- \/ Yoast SEO plugin. -->","yoast_head_json":{"title":"What we do - Hj\u00e1lpumst a\u00f0","robots":{"index":"index","follow":"follow","max-snippet":"max-snippet:-1","max-image-preview":"max-image-preview:large","max-video-preview":"max-video-preview:-1"},"canonical":"https:\/\/hjalpumstad.webdev.is\/index.php\/what-we-do\/","og_locale":"en_US","og_type":"article","og_title":"What we do - Hj\u00e1lpumst a\u00f0","og_description":"Love0 Share Tweet Share Pin","og_url":"https:\/\/hjalpumstad.webdev.is\/index.php\/what-we-do\/","og_site_name":"Hj\u00e1lpumst a\u00f0","article_modified_time":"-0001-11-30T00:00:00+00:00","twitter_card":"summary_large_image","schema":{"@context":"https:\/\/schema.org","@graph":[{"@type":"WebPage","@id":"https:\/\/hjalpumstad.webdev.is\/index.php\/what-we-do\/","url":"https:\/\/hjalpumstad.webdev.is\/index.php\/what-we-do\/","name":"What we do - Hj\u00e1lpumst a\u00f0","isPartOf":{"@id":"https:\/\/hjalpumstad.webdev.is\/#website"},"datePublished":"2020-04-15T09:36:30+00:00","dateModified":"-0001-11-30T00:00:00+00:00","breadcrumb":{"@id":"https:\/\/hjalpumstad.webdev.is\/index.php\/what-we-do\/#breadcrumb"},"inLanguage":"en-US","potentialAction":[{"@type":"ReadAction","target":["https:\/\/hjalpumstad.webdev.is\/index.php\/what-we-do\/"]}]},{"@type":"BreadcrumbList","@id":"https:\/\/hjalpumstad.webdev.is\/index.php\/what-we-do\/#breadcrumb","itemListElement":[{"@type":"ListItem","position":1,"name":"Home","item":"https:\/\/hjalpumstad.webdev.is\/"},{"@type":"ListItem","position":2,"name":"What we do"}]},{"@type":"WebSite","@id":"https:\/\/hjalpumstad.webdev.is\/#website","url":"https:\/\/hjalpumstad.webdev.is\/","name":"Hj\u00e1lpumst a\u00f0","description":"Margt sm\u00e1tt gerir eitt RISAST\u00d3RT!","potentialAction":[{"@type":"SearchAction","target":{"@type":"EntryPoint","urlTemplate":"https:\/\/hjalpumstad.webdev.is\/?s={search_term_string}"},"query-input":"required name=search_term_string"}],"inLanguage":"en-US"}]}},"_links":{"self":[{"href":"https:\/\/hjalpumstad.webdev.is\/index.php\/wp-json\/wp\/v2\/pages\/29","targetHints":{"allow":["GET"]}}],"collection":[{"href":"https:\/\/hjalpumstad.webdev.is\/index.php\/wp-json\/wp\/v2\/pages"}],"about":[{"href":"https:\/\/hjalpumstad.webdev.is\/index.php\/wp-json\/wp\/v2\/types\/page"}],"author":[{"embeddable":true,"href":"https:\/\/hjalpumstad.webdev.is\/index.php\/wp-json\/wp\/v2\/users\/1"}],"replies":[{"embeddable":true,"href":"https:\/\/hjalpumstad.webdev.is\/index.php\/wp-json\/wp\/v2\/comments?post=29"}],"version-history":[{"count":0,"href":"https:\/\/hjalpumstad.webdev.is\/index.php\/wp-json\/wp\/v2\/pages\/29\/revisions"}],"wp:attachment":[{"href":"https:\/\/hjalpumstad.webdev.is\/index.php\/wp-json\/wp\/v2\/media?parent=29"}],"curies":[{"name":"wp","href":"https:\/\/api.w.org\/{rel}","templated":true}]}}